{"id":1376,"date":"2021-11-21T15:14:19","date_gmt":"2021-11-21T15:14:19","guid":{"rendered":"http:\/\/2pirob.com\/consulting\/about\/"},"modified":"2023-10-06T17:40:41","modified_gmt":"2023-10-06T17:40:41","slug":"about","status":"publish","type":"page","link":"https:\/\/2pirob.com\/consulting\/about\/","title":{"rendered":"About"},"content":{"rendered":"\t\t<div data-elementor-type=\"wp-page\" data-elementor-id=\"1376\" class=\"elementor elementor-1376\">\n\t\t\t\t\t\t<section class=\"elementor-section elementor-top-section elementor-element elementor-element-c8ddeb6 elementor-section-height-min-height elementor-section-boxed elementor-section-height-default elementor-section-items-middle\" data-id=\"c8ddeb6\" data-element_type=\"section\" data-settings=\"{&quot;background_background&quot;:&quot;classic&quot;}\">\n\t\t\t\t\t\t\t<div class=\"elementor-background-overlay\"><\/div>\n\t\t\t\t\t\t\t<div class=\"elementor-container elementor-column-gap-default\">\n\t\t\t\t\t<div class=\"elementor-column elementor-col-100 elementor-top-column elementor-element elementor-element-6a5337e\" data-id=\"6a5337e\" data-element_type=\"column\">\n\t\t\t<div class=\"elementor-widget-wrap elementor-element-populated\">\n\t\t\t\t\t\t<div class=\"elementor-element elementor-element-feefb6c elementor-widget elementor-widget-heading\" data-id=\"feefb6c\" data-element_type=\"widget\" data-widget_type=\"heading.default\">\n\t\t\t\t<div class=\"elementor-widget-container\">\n\t\t\t<style>\/*! elementor - v3.21.0 - 26-05-2024 *\/\n.elementor-heading-title{padding:0;margin:0;line-height:1}.elementor-widget-heading .elementor-heading-title[class*=elementor-size-]>a{color:inherit;font-size:inherit;line-height:inherit}.elementor-widget-heading .elementor-heading-title.elementor-size-small{font-size:15px}.elementor-widget-heading .elementor-heading-title.elementor-size-medium{font-size:19px}.elementor-widget-heading .elementor-heading-title.elementor-size-large{font-size:29px}.elementor-widget-heading .elementor-heading-title.elementor-size-xl{font-size:39px}.elementor-widget-heading .elementor-heading-title.elementor-size-xxl{font-size:59px}<\/style><h1 class=\"elementor-heading-title elementor-size-default\">Acerca de Nosotros<\/h1>\t\t<\/div>\n\t\t\t\t<\/div>\n\t\t\t\t\t<\/div>\n\t\t<\/div>\n\t\t\t\t\t<\/div>\n\t\t<\/section>\n\t\t\t\t<section class=\"elementor-section elementor-top-section elementor-element elementor-element-034f786 elementor-section-boxed elementor-section-height-default elementor-section-height-default\" data-id=\"034f786\" data-element_type=\"section\">\n\t\t\t\t\t\t<div class=\"elementor-container elementor-column-gap-default\">\n\t\t\t\t\t<div class=\"elementor-column elementor-col-100 elementor-top-column elementor-element elementor-element-ba0c118\" data-id=\"ba0c118\" data-element_type=\"column\">\n\t\t\t<div class=\"elementor-widget-wrap elementor-element-populated\">\n\t\t\t\t\t\t<div class=\"elementor-element elementor-element-3dc998b elementor-widget__width-initial elementor-widget elementor-widget-heading\" data-id=\"3dc998b\" data-element_type=\"widget\" data-widget_type=\"heading.default\">\n\t\t\t\t<div class=\"elementor-widget-container\">\n\t\t\t<h4 class=\"elementor-heading-title elementor-size-default\">Nuestra misi\u00f3n es proporcionar soluciones tecnol\u00f3gicas de vanguardia que transformen la educaci\u00f3n, la innovaci\u00f3n y el diagn\u00f3stico por la imagen.<\/h4>\t\t<\/div>\n\t\t\t\t<\/div>\n\t\t\t\t<div class=\"elementor-element elementor-element-9fdb291 elementor-widget elementor-widget-image\" data-id=\"9fdb291\" data-element_type=\"widget\" data-widget_type=\"image.default\">\n\t\t\t\t<div class=\"elementor-widget-container\">\n\t\t\t<style>\/*! elementor - v3.21.0 - 26-05-2024 *\/\n.elementor-widget-image{text-align:center}.elementor-widget-image a{display:inline-block}.elementor-widget-image a img[src$=\".svg\"]{width:48px}.elementor-widget-image img{vertical-align:middle;display:inline-block}<\/style>\t\t\t\t\t\t\t\t\t\t<img fetchpriority=\"high\" decoding=\"async\" width=\"1170\" height=\"600\" src=\"https:\/\/2pirob.com\/consulting\/wp-content\/uploads\/2023\/10\/About-us-2nd-pic-1.png\" class=\"attachment-full size-full wp-image-1774\" alt=\"\" srcset=\"https:\/\/2pirob.com\/consulting\/wp-content\/uploads\/2023\/10\/About-us-2nd-pic-1.png 1170w, https:\/\/2pirob.com\/consulting\/wp-content\/uploads\/2023\/10\/About-us-2nd-pic-1-300x154.png 300w, https:\/\/2pirob.com\/consulting\/wp-content\/uploads\/2023\/10\/About-us-2nd-pic-1-1024x525.png 1024w, https:\/\/2pirob.com\/consulting\/wp-content\/uploads\/2023\/10\/About-us-2nd-pic-1-768x394.png 768w\" sizes=\"(max-width: 1170px) 100vw, 1170px\" \/>\t\t\t\t\t\t\t\t\t\t\t\t\t<\/div>\n\t\t\t\t<\/div>\n\t\t\t\t<div class=\"elementor-element elementor-element-3a99000 elementor-widget__width-initial elementor-widget elementor-widget-text-editor\" data-id=\"3a99000\" data-element_type=\"widget\" data-widget_type=\"text-editor.default\">\n\t\t\t\t<div class=\"elementor-widget-container\">\n\t\t\t<style>\/*! elementor - v3.21.0 - 26-05-2024 *\/\n.elementor-widget-text-editor.elementor-drop-cap-view-stacked .elementor-drop-cap{background-color:#69727d;color:#fff}.elementor-widget-text-editor.elementor-drop-cap-view-framed .elementor-drop-cap{color:#69727d;border:3px solid;background-color:transparent}.elementor-widget-text-editor:not(.elementor-drop-cap-view-default) .elementor-drop-cap{margin-top:8px}.elementor-widget-text-editor:not(.elementor-drop-cap-view-default) .elementor-drop-cap-letter{width:1em;height:1em}.elementor-widget-text-editor .elementor-drop-cap{float:left;text-align:center;line-height:1;font-size:50px}.elementor-widget-text-editor .elementor-drop-cap-letter{display:inline-block}<\/style>\t\t\t\t<p><span style=\"font-style: inherit; font-weight: inherit; background-color: var(--ast-global-color-5); color: var(--ast-global-color-3);\">\u00abEn 2PiROB Consulting, nuestra pasi\u00f3n es impulsar el aprendizaje a trav\u00e9s de la tecnolog\u00eda y ofrecer soluciones innovadoras en tres \u00e1reas clave: Rob\u00f3tica Educativa, Servicios de Impresi\u00f3n 3D y Consultor\u00eda en Imagen M\u00e9dica.<\/span><\/p>\n<p><span style=\"font-style: inherit; font-weight: inherit; background-color: var(--ast-global-color-5); color: var(--ast-global-color-3);\">&nbsp;<\/span><\/p>\n<p>En el campo de la Rob\u00f3tica Educativa, nos enorgullece ofrecer talleres y programas dise\u00f1ados para inspirar y educar a las mentes j\u00f3venes en el emocionante mundo de la rob\u00f3tica y la programaci\u00f3n. Nuestros talleres fomentan la creatividad, el pensamiento l\u00f3gico y las habilidades STEM, preparando a las generaciones futuras para un mundo cada vez m\u00e1s digital.<\/p><p><br><\/p>\n<p>En cuanto a nuestros Servicios de Impresi\u00f3n 3D, abarcamos desde la conceptualizaci\u00f3n y dise\u00f1o hasta la materializaci\u00f3n de tus ideas. Utilizamos tecnolog\u00eda de vanguardia para convertir tus proyectos en realidad, ofreciendo una amplia gama de opciones para aplicaciones industriales, prototipado y personalizaci\u00f3n.<\/p><p><br><\/p>\n<p><\/p>\n<p>Dentro del \u00e1mbito de la Consultor\u00eda en Imagen M\u00e9dica, nos especializamos en la adquisici\u00f3n de equipos m\u00e9dicos, tanto de alta como de baja tecnolog\u00eda. Nuestro equipo de expertos te guiar\u00e1 en la selecci\u00f3n y compra de equipos electro m\u00e9dicos, asegurando que se ajusten a tus necesidades espec\u00edficas. Adem\u00e1s, brindamos asesoramiento integral para la implementaci\u00f3n efectiva de estos equipos, garantizando un entorno m\u00e9dico seguro y eficiente.<\/p><p><br><\/p>\n<p><\/p>\n<p>En 2PiROB Consulting, estamos comprometidos con la excelencia en cada uno de nuestros servicios. Nuestra misi\u00f3n es proporcionar soluciones tecnol\u00f3gicas de vanguardia que transformen la educaci\u00f3n, la innovaci\u00f3n y la atenci\u00f3n m\u00e9dica. Nos enorgullece ser tu socio confiable en el camino hacia un futuro m\u00e1s avanzado y mejor.\u00bb<\/p>\t\t\t\t\t\t<\/div>\n\t\t\t\t<\/div>\n\t\t\t\t<section class=\"elementor-section elementor-inner-section elementor-element elementor-element-d762106 elementor-section-boxed elementor-section-height-default elementor-section-height-default\" data-id=\"d762106\" data-element_type=\"section\">\n\t\t\t\t\t\t<div class=\"elementor-container elementor-column-gap-default\">\n\t\t\t\t\t<div class=\"elementor-column elementor-col-100 elementor-inner-column elementor-element elementor-element-bc56f53\" data-id=\"bc56f53\" data-element_type=\"column\">\n\t\t\t<div class=\"elementor-widget-wrap\">\n\t\t\t\t\t\t\t<\/div>\n\t\t<\/div>\n\t\t\t\t\t<\/div>\n\t\t<\/section>\n\t\t\t\t\t<\/div>\n\t\t<\/div>\n\t\t\t\t\t<\/div>\n\t\t<\/section>\n\t\t\t\t<\/div>\n\t\t","protected":false},"excerpt":{"rendered":"<p>\/*! elementor &#8211; v3.15.0 &#8211; 20-08-2023 *\/ .elementor-heading-title{padding:0;margin:0;line-height:1}.elementor-widget-heading .elementor-heading-title[class*=elementor-size-]&gt;a{color:inherit;font-size:inherit;line-height:inherit}.elementor-widget-heading .elementor-heading-title.elementor-size-small{font-size:15px}.elementor-widget-heading .elementor-heading-title.elementor-size-medium{font-size:19px}.elementor-widget-heading .elementor-heading-title.elementor-size-large{font-size:29px}.elementor-widget-heading .elementor-heading-title.elementor-size-xl{font-size:39px}.elementor-widget-heading .elementor-heading-title.elementor-size-xxl{font-size:59px} Acerca de Nosotros Nuestra misi\u00f3n es proporcionar soluciones tecnol\u00f3gicas de vanguardia que transformen la educaci\u00f3n, la innovaci\u00f3n y el diagn\u00f3stico por la imagen. \/*! elementor &#8211; v3.15.0 &#8211; 20-08-2023 *\/ .elementor-widget-image{text-align:center}.elementor-widget-image a{display:inline-block}.elementor-widget-image a img[src$=\u00bb.svg\u00bb]{width:48px}.elementor-widget-image img{vertical-align:middle;display:inline-block} \u00abEn 2PiROB Consulting, nuestra pasi\u00f3n es &hellip;<\/p>\n<p class=\"read-more\"> <a class=\"\" href=\"https:\/\/2pirob.com\/consulting\/about\/\"> <span class=\"screen-reader-text\">About<\/span> Leer m\u00e1s &raquo;<\/a><\/p>\n","protected":false},"author":1,"featured_media":0,"parent":0,"menu_order":0,"comment_status":"closed","ping_status":"closed","template":"","meta":{"site-sidebar-layout":"no-sidebar","site-content-layout":"page-builder","ast-site-content-layout":"","site-content-style":"default","site-sidebar-style":"default","ast-global-header-display":"","ast-banner-title-visibility":"","ast-main-header-display":"","ast-hfb-above-header-display":"","ast-hfb-below-header-display":"","ast-hfb-mobile-header-display":"","site-post-title":"disabled","ast-breadcrumbs-content":"","ast-featured-img":"disabled","footer-sml-layout":"","theme-transparent-header-meta":"enabled","adv-header-id-meta":"","stick-header-meta":"","header-above-stick-meta":"","header-main-stick-meta":"","header-below-stick-meta":"","astra-migrate-meta-layouts":"","footnotes":""},"class_list":["post-1376","page","type-page","status-publish","hentry"],"jetpack_sharing_enabled":true,"_links":{"self":[{"href":"https:\/\/2pirob.com\/consulting\/wp-json\/wp\/v2\/pages\/1376","targetHints":{"allow":["GET"]}}],"collection":[{"href":"https:\/\/2pirob.com\/consulting\/wp-json\/wp\/v2\/pages"}],"about":[{"href":"https:\/\/2pirob.com\/consulting\/wp-json\/wp\/v2\/types\/page"}],"author":[{"embeddable":true,"href":"https:\/\/2pirob.com\/consulting\/wp-json\/wp\/v2\/users\/1"}],"replies":[{"embeddable":true,"href":"https:\/\/2pirob.com\/consulting\/wp-json\/wp\/v2\/comments?post=1376"}],"version-history":[{"count":76,"href":"https:\/\/2pirob.com\/consulting\/wp-json\/wp\/v2\/pages\/1376\/revisions"}],"predecessor-version":[{"id":1775,"href":"https:\/\/2pirob.com\/consulting\/wp-json\/wp\/v2\/pages\/1376\/revisions\/1775"}],"wp:attachment":[{"href":"https:\/\/2pirob.com\/consulting\/wp-json\/wp\/v2\/media?parent=1376"}],"curies":[{"name":"wp","href":"https:\/\/api.w.org\/{rel}","templated":true}]}}